{"id":5222,"date":"2023-05-24T11:16:28","date_gmt":"2023-05-24T10:16:28","guid":{"rendered":"https:\/\/www.cor-lovas.org\/home\/?post_type=product&#038;p=5222"},"modified":"2023-05-25T15:32:38","modified_gmt":"2023-05-25T14:32:38","slug":"veliki-bros","status":"publish","type":"product","link":"https:\/\/www.cor-lovas.org\/home\/product\/veliki-bros\/","title":{"rendered":"Veliki bro\u0161 zlatovez"},"content":{"rendered":"<p>Zlatovez s podru\u010dja isto\u010dne Hrvatske tradicijsko je tekstilno-rukotvorsko umije\u0107e ukra\u0161avanja odjevnih i uporabnih predmeta zlatnom niti te je prepoznatljivi dio naslje\u0111a i identiteta tog dijela Hrvatske. Zlatovez zahtijeva preciznost, strpljenje i vje\u0161tinu. Izrada jednog predmeta traje satima pa \u010dak i danima, ovisno o slo\u017eenosti i veli\u010dini uzorka. Vezenje i preplitanje zlatnih niti te ukra\u0161avanje praznina sitnim perlicama, pulicama, \u0111endarima, je\u010dmom ili katorima rezultira prekrasnim, rasko\u0161nim i sjajnim ukrasima koji su kroz povijest ukra\u0161avali dvorove, crkve i bogate narodne no\u0161nje.<\/p>\n<p>Svi artikli su unikatni ru\u010dni rad i izra\u0111uju se po narud\u017ebi.<\/p>\n<p>Rok izrade je 1-3 tjedna od dana zaprimanja narud\u017ebe i nov\u010dane uplate kupca na ra\u010dun udruge, ovisno o vrsti artikla. Proizvodi se dostavljaju putem Hrvatske po\u0161te unutar Hrvatske te GLS dostavnom slu\u017ebom van Hrvatske, u roku 3-7 radnih dana od zavr\u0161etka izrade artikla, o \u010demu Vas obavje\u0161tavamo e-mailom. Za po\u0161iljke adresirane na otoke, rok za uru\u010denje produljuje se za 1-2 radna dana.<\/p>\n","protected":false},"excerpt":{"rendered":"<p>Unikatni veliki bro\u0161, izra\u0111en tehnikom zlatoveza, predstavlja predivan lovaski suvenir baziran na preko sto godina staroj i jedinstvenoj cvjetnoj mustri pokojne Ane Kova\u010devi\u0107, nekada\u0161nje mje\u0161tanke Lovasa, koji smo od milja nazvale \u010carobni cvijet Lovasa. Bro\u0161 se mo\u017ee naru\u010diti u tri varijante: zlatni konac, bijelo zlato ili srebrni konac, i crveni konac. Tehnika vezenja preko tankog kartonskog papira podstavljenog ko\u017eom, koja najvi\u0161e pokazuje ljepotu zlatoveza.<\/p>\n","protected":false},"featured_media":5422,"template":"","meta":{"site-sidebar-layout":"default","site-content-layout":"default","ast-global-header-display":"","ast-main-header-display":"","ast-hfb-above-header-display":"","ast-hfb-below-header-display":"","ast-hfb-mobile-header-display":"","site-post-title":"","ast-breadcrumbs-content":"","ast-featured-img":"","footer-sml-layout":"","theme-transparent-header-meta":"default","adv-header-id-meta":"","stick-header-meta":"","header-above-stick-meta":"","header-main-stick-meta":"","header-below-stick-meta":""},"product_cat":[39],"product_tag":[85,90,89,82,81],"_links":{"self":[{"href":"https:\/\/www.cor-lovas.org\/home\/wp-json\/wp\/v2\/product\/5222"}],"collection":[{"href":"https:\/\/www.cor-lovas.org\/home\/wp-json\/wp\/v2\/product"}],"about":[{"href":"https:\/\/www.cor-lovas.org\/home\/wp-json\/wp\/v2\/types\/product"}],"wp:featuredmedia":[{"embeddable":true,"href":"https:\/\/www.cor-lovas.org\/home\/wp-json\/wp\/v2\/media\/5422"}],"wp:attachment":[{"href":"https:\/\/www.cor-lovas.org\/home\/wp-json\/wp\/v2\/media?parent=5222"}],"wp:term":[{"taxonomy":"product_cat","embeddable":true,"href":"https:\/\/www.cor-lovas.org\/home\/wp-json\/wp\/v2\/product_cat?post=5222"},{"taxonomy":"product_tag","embeddable":true,"href":"https:\/\/www.cor-lovas.org\/home\/wp-json\/wp\/v2\/product_tag?post=5222"}],"curies":[{"name":"wp","href":"https:\/\/api.w.org\/{rel}","templated":true}]}}