{"id":5315,"date":"2023-05-24T14:08:13","date_gmt":"2023-05-24T13:08:13","guid":{"rendered":"https:\/\/www.cor-lovas.org\/home\/?post_type=product&#038;p=5315"},"modified":"2023-05-26T08:33:41","modified_gmt":"2023-05-26T07:33:41","slug":"jastucnica","status":"publish","type":"product","link":"https:\/\/www.cor-lovas.org\/home\/product\/jastucnica\/","title":{"rendered":"Vezena jastu\u010dnica"},"content":{"rendered":"<p>Tradicionalni vez i \u0161lingeraj kori\u0161teni su od davnina za ukra\u0161avanje tekstilnog rukotvorstva, odjevnih i uporabnih predmeta kao \u0161to su narodne no\u0161nje, stolnjaci, zavjese ili posteljina. \u0160lingeraj ili ri\u0161elje spada u kategoriju \u201cVezova po pismu\u201d, zajedno s tehnikama toledo, zlatovez i svilovez. S obzirom na to da je vrlo elegantan i profinjen, unijet \u0107e da\u0161ak tradicije i topline u svaki moderan dom.<\/p>\n<p>Svi artikli su unikatni ru\u010dni rad i izra\u0111uju se po narud\u017ebi.<\/p>\n<p>Rok izrade je 1-3 tjedna od dana zaprimanja narud\u017ebe i nov\u010dane uplate kupca na ra\u010dun udruge, ovisno o vrsti artikla. Proizvodi se dostavljaju putem Hrvatske po\u0161te unutar Hrvatske te GLS dostavnom slu\u017ebom van Hrvatske, u roku 3-7 radnih dana od zavr\u0161etka izrade artikla, o \u010demu Vas obavje\u0161tavamo e-mailom. Za po\u0161iljke adresirane na otoke, rok za uru\u010denje produljuje se za 1-2 radna dana.<\/p>\n","protected":false},"excerpt":{"rendered":"<p>Vezena lanena jastu\u010dnica u vi\u0161e boja, d<span style=\"font-size: 16px;\">imenzija 40\u00d740 cm. <\/span><span style=\"font-size: 16px;\">Ukra\u0161ena ru\u010dno ra\u0111enim tradicionalnim vezenim motivima &#8220;\u010carobni cvijet Lovasa&#8221;. <\/span><span style=\"font-size: 16px;\">Perivo u ma\u0161ini, l<\/span>ako za odr\u017eavanje i slobodno za peglanje.<\/p>\n","protected":false},"featured_media":5456,"template":"","meta":{"site-sidebar-layout":"default","site-content-layout":"default","ast-global-header-display":"","ast-main-header-display":"","ast-hfb-above-header-display":"","ast-hfb-below-header-display":"","ast-hfb-mobile-header-display":"","site-post-title":"","ast-breadcrumbs-content":"","ast-featured-img":"","footer-sml-layout":"","theme-transparent-header-meta":"default","adv-header-id-meta":"","stick-header-meta":"","header-above-stick-meta":"","header-main-stick-meta":"","header-below-stick-meta":""},"product_cat":[40,47],"product_tag":[54,100,102,101],"_links":{"self":[{"href":"https:\/\/www.cor-lovas.org\/home\/wp-json\/wp\/v2\/product\/5315"}],"collection":[{"href":"https:\/\/www.cor-lovas.org\/home\/wp-json\/wp\/v2\/product"}],"about":[{"href":"https:\/\/www.cor-lovas.org\/home\/wp-json\/wp\/v2\/types\/product"}],"wp:featuredmedia":[{"embeddable":true,"href":"https:\/\/www.cor-lovas.org\/home\/wp-json\/wp\/v2\/media\/5456"}],"wp:attachment":[{"href":"https:\/\/www.cor-lovas.org\/home\/wp-json\/wp\/v2\/media?parent=5315"}],"wp:term":[{"taxonomy":"product_cat","embeddable":true,"href":"https:\/\/www.cor-lovas.org\/home\/wp-json\/wp\/v2\/product_cat?post=5315"},{"taxonomy":"product_tag","embeddable":true,"href":"https:\/\/www.cor-lovas.org\/home\/wp-json\/wp\/v2\/product_tag?post=5315"}],"curies":[{"name":"wp","href":"https:\/\/api.w.org\/{rel}","templated":true}]}}