{"id":5330,"date":"2023-05-24T14:20:29","date_gmt":"2023-05-24T13:20:29","guid":{"rendered":"https:\/\/www.cor-lovas.org\/home\/?post_type=product&#038;p=5330"},"modified":"2023-05-26T08:38:44","modified_gmt":"2023-05-26T07:38:44","slug":"jastucnica-zlatovez","status":"publish","type":"product","link":"https:\/\/www.cor-lovas.org\/home\/product\/jastucnica-zlatovez\/","title":{"rendered":"Jastu\u010dnica zlatovez"},"content":{"rendered":"<p>Vez zlatom pojavio se u 19. stolje\u0107u, a bio je znak presti\u017ea pojedinih seoskih obitelji jer su se tim vezom izra\u0111ivale najsve\u010danije djevoja\u010dke rubine i moma\u010dka poprsja. Prije vezova na selu, zlatovez se radio na dvorovima, u crkvama i bogata\u0161kim obiteljima. Slavonskom zlatovezu divimo se ve\u0107 stolje\u0107ima, a naro\u010dito zlatom vezenim no\u0161njama na\u0161ih \u017eena koje su u njima izgledale &#8220;kao kraljice&#8221;. Zlatovez je poznat i priznat kao slavonski suvenir. Vrlo je bitno razlikovati ru\u010dni vez od strojnog.<\/p>\n<p>Svi artikli su unikatni ru\u010dni rad i izra\u0111uju se po narud\u017ebi.<\/p>\n<p>Rok izrade je 1-3 tjedna od dana zaprimanja narud\u017ebe i nov\u010dane uplate kupca na ra\u010dun udruge, ovisno o vrsti artikla. Proizvodi se dostavljaju putem Hrvatske po\u0161te unutar Hrvatske te GLS dostavnom slu\u017ebom van Hrvatske, u roku 3-7 radnih dana od zavr\u0161etka izrade artikla, o \u010demu Vas obavje\u0161tavamo e-mailom. Za po\u0161iljke adresirane na otoke, rok za uru\u010denje produljuje se za 1-2 radna dana.<\/p>\n","protected":false},"excerpt":{"rendered":"<p>Jastu\u010dnica ukra\u0161ena zlatovezom u vi\u0161e boja, dimenzija 40\u00d740 cm. Izvezena ru\u010dno tradicionalnim motivima \u201c\u010carobni cvijet Lovasa\u201d. Jastu\u010dnica je periva u ma\u0161ini, jednostavna za odr\u017eavanje i peglanje. Vezeni dio dolazi kao ukrasni dodatak koji se pri\u010dvrsti &#8220;na \u010di\u010dak&#8221; i zahtjeva suho \u010di\u0161\u0107enje.<\/p>\n","protected":false},"featured_media":5342,"template":"","meta":{"site-sidebar-layout":"default","site-content-layout":"default","ast-global-header-display":"","ast-main-header-display":"","ast-hfb-above-header-display":"","ast-hfb-below-header-display":"","ast-hfb-mobile-header-display":"","site-post-title":"","ast-breadcrumbs-content":"","ast-featured-img":"","footer-sml-layout":"","theme-transparent-header-meta":"default","adv-header-id-meta":"","stick-header-meta":"","header-above-stick-meta":"","header-main-stick-meta":"","header-below-stick-meta":""},"product_cat":[40,47],"product_tag":[85,103,83,82,101,81],"_links":{"self":[{"href":"https:\/\/www.cor-lovas.org\/home\/wp-json\/wp\/v2\/product\/5330"}],"collection":[{"href":"https:\/\/www.cor-lovas.org\/home\/wp-json\/wp\/v2\/product"}],"about":[{"href":"https:\/\/www.cor-lovas.org\/home\/wp-json\/wp\/v2\/types\/product"}],"wp:featuredmedia":[{"embeddable":true,"href":"https:\/\/www.cor-lovas.org\/home\/wp-json\/wp\/v2\/media\/5342"}],"wp:attachment":[{"href":"https:\/\/www.cor-lovas.org\/home\/wp-json\/wp\/v2\/media?parent=5330"}],"wp:term":[{"taxonomy":"product_cat","embeddable":true,"href":"https:\/\/www.cor-lovas.org\/home\/wp-json\/wp\/v2\/product_cat?post=5330"},{"taxonomy":"product_tag","embeddable":true,"href":"https:\/\/www.cor-lovas.org\/home\/wp-json\/wp\/v2\/product_tag?post=5330"}],"curies":[{"name":"wp","href":"https:\/\/api.w.org\/{rel}","templated":true}]}}