{"id":5351,"date":"2023-05-24T14:50:34","date_gmt":"2023-05-24T13:50:34","guid":{"rendered":"https:\/\/www.cor-lovas.org\/home\/?post_type=product&#038;p=5351"},"modified":"2023-05-25T13:44:29","modified_gmt":"2023-05-25T12:44:29","slug":"pelerina","status":"publish","type":"product","link":"https:\/\/www.cor-lovas.org\/home\/product\/pelerina\/","title":{"rendered":"Ve\u010dernja pelerina"},"content":{"rendered":"<table width=\"0\">\n<thead>\n<tr>\n<td width=\"293\">Internacionalne veli\u010dine<\/td>\n<td>S<\/td>\n<td>M<\/td>\n<td>L<\/td>\n<td>XL<\/td>\n<\/tr>\n<\/thead>\n<tbody>\n<tr>\n<td width=\"293\">EU<\/td>\n<td>38<\/td>\n<td>40<\/td>\n<td>42<\/td>\n<td>44<\/td>\n<\/tr>\n<tr>\n<td width=\"293\">US<\/td>\n<td>8<\/td>\n<td>10<\/td>\n<td>12<\/td>\n<td>14<\/td>\n<\/tr>\n<tr>\n<td width=\"293\">OPSEG GRUDI(cm)<\/td>\n<td>90-94<\/td>\n<td>96-100<\/td>\n<td>102-106<\/td>\n<td>108-114<\/td>\n<\/tr>\n<tr>\n<td width=\"293\">OPSEG STRUKA(cm)<\/td>\n<td>74-76<\/td>\n<td>78-82<\/td>\n<td>84-88<\/td>\n<td>90-96<\/td>\n<\/tr>\n<tr>\n<td width=\"293\">OPSEG BOKOVA(cm)<\/td>\n<td>96-98<\/td>\n<td>100-102<\/td>\n<td>104-108<\/td>\n<td>110-114<\/td>\n<\/tr>\n<\/tbody>\n<\/table>\n<p>&nbsp;<\/p>\n<p>Svi artikli su unikatni ru\u010dni rad i izra\u0111uju se po narud\u017ebi. Mogu\u0107e su korekcije prema osobnim mjerama kupca.<\/p>\n<p>Rok izrade je 1-3 tjedna od dana zaprimanja narud\u017ebe i nov\u010dane uplate kupca na ra\u010dun udruge, ovisno o vrsti artikla. Proizvodi se dostavljaju putem Hrvatske po\u0161te unutar Hrvatske te GLS dostavnom slu\u017ebom van Hrvatske, u roku 3-7 radnih dana od zavr\u0161etka izrade artikla, o \u010demu Vas obavje\u0161tavamo e-mailom. Za po\u0161iljke adresirane na otoke, rok za uru\u010denje produljuje se za 1-2 radna dana.<\/p>\n","protected":false},"excerpt":{"rendered":"<p>Tradicijski vez na elegantnoj crnoj pelerini bez rukava, dostupnoj u univerzalnoj veli\u010dini. Mogu\u0107a izrada po mjeri kupca. Sastav materijala je 50% vuna 50% akrilno vlakno, \u0161to omogu\u0107uje ugodno no\u0161enje. Pogodna kao samostalni odjevni predmet za prohladne ljetne i proljetne ve\u010deri, ili kao dodatak na tanju jaknu.<\/p>\n","protected":false},"featured_media":5353,"template":"","meta":{"site-sidebar-layout":"default","site-content-layout":"default","ast-global-header-display":"","ast-main-header-display":"","ast-hfb-above-header-display":"","ast-hfb-below-header-display":"","ast-hfb-mobile-header-display":"","site-post-title":"","ast-breadcrumbs-content":"","ast-featured-img":"","footer-sml-layout":"","theme-transparent-header-meta":"default","adv-header-id-meta":"","stick-header-meta":"","header-above-stick-meta":"","header-main-stick-meta":"","header-below-stick-meta":""},"product_cat":[38],"product_tag":[53,56,58,79,51,80],"_links":{"self":[{"href":"https:\/\/www.cor-lovas.org\/home\/wp-json\/wp\/v2\/product\/5351"}],"collection":[{"href":"https:\/\/www.cor-lovas.org\/home\/wp-json\/wp\/v2\/product"}],"about":[{"href":"https:\/\/www.cor-lovas.org\/home\/wp-json\/wp\/v2\/types\/product"}],"wp:featuredmedia":[{"embeddable":true,"href":"https:\/\/www.cor-lovas.org\/home\/wp-json\/wp\/v2\/media\/5353"}],"wp:attachment":[{"href":"https:\/\/www.cor-lovas.org\/home\/wp-json\/wp\/v2\/media?parent=5351"}],"wp:term":[{"taxonomy":"product_cat","embeddable":true,"href":"https:\/\/www.cor-lovas.org\/home\/wp-json\/wp\/v2\/product_cat?post=5351"},{"taxonomy":"product_tag","embeddable":true,"href":"https:\/\/www.cor-lovas.org\/home\/wp-json\/wp\/v2\/product_tag?post=5351"}],"curies":[{"name":"wp","href":"https:\/\/api.w.org\/{rel}","templated":true}]}}